{"id":13,"date":"2025-03-09T06:40:27","date_gmt":"2025-03-09T06:40:27","guid":{"rendered":"https:\/\/bla.se\/?page_id=13"},"modified":"2025-03-09T06:56:19","modified_gmt":"2025-03-09T06:56:19","slug":"start","status":"publish","type":"page","link":"https:\/\/bla.se\/","title":{"rendered":"Start"},"content":{"rendered":"\t\t<div data-elementor-type=\"wp-page\" data-elementor-id=\"13\" class=\"elementor elementor-13\" data-elementor-post-type=\"page\">\n\t\t\t\t<div class=\"elementor-element elementor-element-95e4e1c e-flex e-con-boxed e-con e-parent\" data-id=\"95e4e1c\" data-element_type=\"container\" data-settings=\"{&quot;background_background&quot;:&quot;classic&quot;}\">\n\t\t\t\t\t<div class=\"e-con-inner\">\n\t\t\t\t<div class=\"elementor-element elementor-element-f6531e4 elementor-invisible elementor-widget elementor-widget-heading\" data-id=\"f6531e4\" data-element_type=\"widget\" data-settings=\"{&quot;_animation&quot;:&quot;fadeIn&quot;}\" data-widget_type=\"heading.default\">\n\t\t\t\t<div class=\"elementor-widget-container\">\n\t\t\t\t\t<h2 class=\"elementor-heading-title elementor-size-default\">\u00c4r det ni som \u00e4r<\/h2>\t\t\t\t<\/div>\n\t\t\t\t<\/div>\n\t\t\t\t<div class=\"elementor-element elementor-element-28743cb elementor-invisible elementor-widget elementor-widget-heading\" data-id=\"28743cb\" data-element_type=\"widget\" data-settings=\"{&quot;_animation&quot;:&quot;fadeIn&quot;}\" data-widget_type=\"heading.default\">\n\t\t\t\t<div class=\"elementor-widget-container\">\n\t\t\t\t\t<h2 class=\"elementor-heading-title elementor-size-default\">BL\u00c5?<\/h2>\t\t\t\t<\/div>\n\t\t\t\t<\/div>\n\t\t\t\t<div class=\"elementor-element elementor-element-e656863 elementor-invisible elementor-widget elementor-widget-heading\" data-id=\"e656863\" data-element_type=\"widget\" data-settings=\"{&quot;_animation&quot;:&quot;fadeIn&quot;}\" data-widget_type=\"heading.default\">\n\t\t\t\t<div class=\"elementor-widget-container\">\n\t\t\t\t\t<h2 class=\"elementor-heading-title elementor-size-default\">Nu kan du k\u00f6pa Bla.se och Bl\u00e5.se<\/h2>\t\t\t\t<\/div>\n\t\t\t\t<\/div>\n\t\t\t\t<div class=\"elementor-element elementor-element-87b2cd2 elementor-widget elementor-widget-html\" data-id=\"87b2cd2\" data-element_type=\"widget\" data-widget_type=\"html.default\">\n\t\t\t\t<div class=\"elementor-widget-container\">\n\t\t\t\t\t<!-- Marquiz script start -->\n<script>\n(function(w, d, s, o){\n  var j = d.createElement(s); j.async = true; j.src = '\/\/script.marquiz.io\/v2.js';j.onload = function() {\n    if (document.readyState !== 'loading') Marquiz.init(o);\n    else document.addEventListener(\"DOMContentLoaded\", function() {\n      Marquiz.init(o);\n    });\n  };\n  d.head.insertBefore(j, d.head.firstElementChild);\n})(window, document, 'script', {\n    host: '\/\/quiz.marquiz.io',\n    region: 'us',\n    id: '67cd3a05095d5f00265b4ceb',\n    autoOpen: false,\n    autoOpenFreq: 'once',\n    openOnExit: false,\n    disableOnMobile: false\n  }\n);\n<\/script>\n<!-- Marquiz script end -->\n<div data-marquiz-id=\"67cd3a05095d5f00265b4ceb\"><\/div>\n<script>(function(t, p) {window.Marquiz ? Marquiz.add([t, p]) : document.addEventListener('marquizLoaded', function() {Marquiz.add([t, p])})})('Button', {id: '67cd3a05095d5f00265b4ceb', buttonText: 'Vi vill ge bud', bgColor: '#58b3ff', textColor: '#ffffff', rounded: true, shadow: 'rgba(88, 179, 255, 0.5)', blicked: true})<\/script>\t\t\t\t<\/div>\n\t\t\t\t<\/div>\n\t\t\t\t\t<\/div>\n\t\t\t\t<\/div>\n\t\t\t\t<\/div>\n\t\t","protected":false},"excerpt":{"rendered":"<p>\u00c4r det ni som \u00e4r BL\u00c5? Nu kan du k\u00f6pa Bla.se och Bl\u00e5.se<\/p>\n","protected":false},"author":1,"featured_media":0,"parent":0,"menu_order":0,"comment_status":"closed","ping_status":"closed","template":"elementor_canvas","meta":{"footnotes":""},"class_list":["post-13","page","type-page","status-publish","hentry"],"_links":{"self":[{"href":"https:\/\/bla.se\/index.php?rest_route=\/wp\/v2\/pages\/13","targetHints":{"allow":["GET"]}}],"collection":[{"href":"https:\/\/bla.se\/index.php?rest_route=\/wp\/v2\/pages"}],"about":[{"href":"https:\/\/bla.se\/index.php?rest_route=\/wp\/v2\/types\/page"}],"author":[{"embeddable":true,"href":"https:\/\/bla.se\/index.php?rest_route=\/wp\/v2\/users\/1"}],"replies":[{"embeddable":true,"href":"https:\/\/bla.se\/index.php?rest_route=%2Fwp%2Fv2%2Fcomments&post=13"}],"version-history":[{"count":16,"href":"https:\/\/bla.se\/index.php?rest_route=\/wp\/v2\/pages\/13\/revisions"}],"predecessor-version":[{"id":34,"href":"https:\/\/bla.se\/index.php?rest_route=\/wp\/v2\/pages\/13\/revisions\/34"}],"wp:attachment":[{"href":"https:\/\/bla.se\/index.php?rest_route=%2Fwp%2Fv2%2Fmedia&parent=13"}],"curies":[{"name":"wp","href":"https:\/\/api.w.org\/{rel}","templated":true}]}}